{"id":719,"date":"2025-10-27T19:56:10","date_gmt":"2025-10-27T18:56:10","guid":{"rendered":"https:\/\/sng-urdorf.ch\/?page_id=719"},"modified":"2025-11-04T12:29:34","modified_gmt":"2025-11-04T11:29:34","slug":"einzug-der-samichlaeuse","status":"publish","type":"page","link":"https:\/\/sng-urdorf.ch\/?page_id=719","title":{"rendered":"Einzug der Samichl\u00e4use"},"content":{"rendered":"\n<p class=\"has-medium-font-size\">mit Adventsfensterer\u00f6ffnung<\/p>\n\n\n\n<p>Hier finden Sie einen Flyer zum ausdrucken, aufh\u00e4ngen und verteilen -> zum <a href=\"http:\/\/sng-urdorf.ch\/wp-content\/uploads\/2025\/11\/Flyer_Adventsfenster3s_2025.pdf\" data-type=\"link\" data-id=\"http:\/\/sng-urdorf.ch\/wp-content\/uploads\/2025\/11\/Flyer_Adventsfenster3s_2025.pdf\" target=\"_blank\" rel=\"noreferrer noopener\">Download.<\/a><\/p>\n\n\n\n<figure class=\"wp-block-image size-large\"><a href=\"http:\/\/sng-urdorf.ch\/wp-content\/uploads\/2025\/10\/SamichlausGruppe_2025--e1761591208268.jpg\"><img loading=\"lazy\" decoding=\"async\" width=\"1024\" height=\"841\" src=\"http:\/\/sng-urdorf.ch\/wp-content\/uploads\/2025\/10\/SamichlausGruppe_2025--e1761591208268-1024x841.jpg\" alt=\"\" class=\"wp-image-721\" srcset=\"https:\/\/sng-urdorf.ch\/wp-content\/uploads\/2025\/10\/SamichlausGruppe_2025--e1761591208268-1024x841.jpg 1024w, https:\/\/sng-urdorf.ch\/wp-content\/uploads\/2025\/10\/SamichlausGruppe_2025--e1761591208268-300x246.jpg 300w, https:\/\/sng-urdorf.ch\/wp-content\/uploads\/2025\/10\/SamichlausGruppe_2025--e1761591208268-768x631.jpg 768w, https:\/\/sng-urdorf.ch\/wp-content\/uploads\/2025\/10\/SamichlausGruppe_2025--e1761591208268-1536x1262.jpg 1536w, https:\/\/sng-urdorf.ch\/wp-content\/uploads\/2025\/10\/SamichlausGruppe_2025--e1761591208268.jpg 1866w\" sizes=\"(max-width: 1024px) 100vw, 1024px\" \/><\/a><\/figure>\n\n\n\n<p class=\"has-text-align-center has-medium-font-size\">3. Dezember 18:00 Uhr<br>Bauernhof Zollinger Dorfstrasse 44<\/p>\n\n\n\n<p class=\"has-text-align-center has-medium-font-size\">Der Samichlaus erz\u00e4hlt eine Geschichte<br>und h\u00f6rt danach gerne die Versli und Lieder von den Kindern an<\/p>\n\n\n\n<p class=\"has-text-align-center has-medium-font-size\">N\u00fcssli, Manderinli&#8230; und Getr\u00e4nke gegen Kollekte<\/p>\n<div class=\"pvc_clear\"><\/div><p id=\"pvc_stats_719\" class=\"pvc_stats all  \" data-element-id=\"719\" style=\"\"><i class=\"pvc-stats-icon medium\" aria-hidden=\"true\"><svg aria-hidden=\"true\" focusable=\"false\" data-prefix=\"far\" data-icon=\"chart-bar\" role=\"img\" xmlns=\"http:\/\/www.w3.org\/2000\/svg\" viewBox=\"0 0 512 512\" class=\"svg-inline--fa fa-chart-bar fa-w-16 fa-2x\"><path fill=\"currentColor\" d=\"M396.8 352h22.4c6.4 0 12.8-6.4 12.8-12.8V108.8c0-6.4-6.4-12.8-12.8-12.8h-22.4c-6.4 0-12.8 6.4-12.8 12.8v230.4c0 6.4 6.4 12.8 12.8 12.8zm-192 0h22.4c6.4 0 12.8-6.4 12.8-12.8V140.8c0-6.4-6.4-12.8-12.8-12.8h-22.4c-6.4 0-12.8 6.4-12.8 12.8v198.4c0 6.4 6.4 12.8 12.8 12.8zm96 0h22.4c6.4 0 12.8-6.4 12.8-12.8V204.8c0-6.4-6.4-12.8-12.8-12.8h-22.4c-6.4 0-12.8 6.4-12.8 12.8v134.4c0 6.4 6.4 12.8 12.8 12.8zM496 400H48V80c0-8.84-7.16-16-16-16H16C7.16 64 0 71.16 0 80v336c0 17.67 14.33 32 32 32h464c8.84 0 16-7.16 16-16v-16c0-8.84-7.16-16-16-16zm-387.2-48h22.4c6.4 0 12.8-6.4 12.8-12.8v-70.4c0-6.4-6.4-12.8-12.8-12.8h-22.4c-6.4 0-12.8 6.4-12.8 12.8v70.4c0 6.4 6.4 12.8 12.8 12.8z\" class=\"\"><\/path><\/svg><\/i> <img loading=\"lazy\" decoding=\"async\" width=\"16\" height=\"16\" alt=\"Loading\" src=\"https:\/\/sng-urdorf.ch\/wp-content\/plugins\/page-views-count\/ajax-loader-2x.gif\" border=0 \/><\/p><div class=\"pvc_clear\"><\/div>","protected":false},"excerpt":{"rendered":"<p>mit Adventsfensterer\u00f6ffnung Hier finden Sie einen Flyer zum ausdrucken, aufh\u00e4ngen und verteilen -> zum Download. 3. Dezember 18:00 UhrBauernhof Zollinger Dorfstrasse 44 Der Samichlaus erz\u00e4hlt eine Geschichteund h\u00f6rt danach gerne die Versli und Lieder von den Kindern an N\u00fcssli, Manderinli&#8230; und Getr\u00e4nke gegen Kollekte<\/p>\n<div class=\"pvc_clear\"><\/div>\n<p id=\"pvc_stats_719\" class=\"pvc_stats all  \" data-element-id=\"719\" style=\"\"><i class=\"pvc-stats-icon medium\" aria-hidden=\"true\"><svg aria-hidden=\"true\" focusable=\"false\" data-prefix=\"far\" data-icon=\"chart-bar\" role=\"img\" xmlns=\"http:\/\/www.w3.org\/2000\/svg\" viewBox=\"0 0 512 512\" class=\"svg-inline--fa fa-chart-bar fa-w-16 fa-2x\"><path fill=\"currentColor\" d=\"M396.8 352h22.4c6.4 0 12.8-6.4 12.8-12.8V108.8c0-6.4-6.4-12.8-12.8-12.8h-22.4c-6.4 0-12.8 6.4-12.8 12.8v230.4c0 6.4 6.4 12.8 12.8 12.8zm-192 0h22.4c6.4 0 12.8-6.4 12.8-12.8V140.8c0-6.4-6.4-12.8-12.8-12.8h-22.4c-6.4 0-12.8 6.4-12.8 12.8v198.4c0 6.4 6.4 12.8 12.8 12.8zm96 0h22.4c6.4 0 12.8-6.4 12.8-12.8V204.8c0-6.4-6.4-12.8-12.8-12.8h-22.4c-6.4 0-12.8 6.4-12.8 12.8v134.4c0 6.4 6.4 12.8 12.8 12.8zM496 400H48V80c0-8.84-7.16-16-16-16H16C7.16 64 0 71.16 0 80v336c0 17.67 14.33 32 32 32h464c8.84 0 16-7.16 16-16v-16c0-8.84-7.16-16-16-16zm-387.2-48h22.4c6.4 0 12.8-6.4 12.8-12.8v-70.4c0-6.4-6.4-12.8-12.8-12.8h-22.4c-6.4 0-12.8 6.4-12.8 12.8v70.4c0 6.4 6.4 12.8 12.8 12.8z\" class=\"\"><\/path><\/svg><\/i> <img loading=\"lazy\" decoding=\"async\" width=\"16\" height=\"16\" alt=\"Loading\" src=\"https:\/\/sng-urdorf.ch\/wp-content\/plugins\/page-views-count\/ajax-loader-2x.gif\" border=0 \/><\/p>\n<div class=\"pvc_clear\"><\/div>\n","protected":false},"author":1,"featured_media":0,"parent":0,"menu_order":0,"comment_status":"closed","ping_status":"closed","template":"","meta":{"footnotes":""},"class_list":["post-719","page","type-page","status-publish"],"_links":{"self":[{"href":"https:\/\/sng-urdorf.ch\/index.php?rest_route=\/wp\/v2\/pages\/719"}],"collection":[{"href":"https:\/\/sng-urdorf.ch\/index.php?rest_route=\/wp\/v2\/pages"}],"about":[{"href":"https:\/\/sng-urdorf.ch\/index.php?rest_route=\/wp\/v2\/types\/page"}],"author":[{"embeddable":true,"href":"https:\/\/sng-urdorf.ch\/index.php?rest_route=\/wp\/v2\/users\/1"}],"replies":[{"embeddable":true,"href":"https:\/\/sng-urdorf.ch\/index.php?rest_route=%2Fwp%2Fv2%2Fcomments&post=719"}],"version-history":[{"count":5,"href":"https:\/\/sng-urdorf.ch\/index.php?rest_route=\/wp\/v2\/pages\/719\/revisions"}],"predecessor-version":[{"id":731,"href":"https:\/\/sng-urdorf.ch\/index.php?rest_route=\/wp\/v2\/pages\/719\/revisions\/731"}],"wp:attachment":[{"href":"https:\/\/sng-urdorf.ch\/index.php?rest_route=%2Fwp%2Fv2%2Fmedia&parent=719"}],"curies":[{"name":"wp","href":"https:\/\/api.w.org\/{rel}","templated":true}]}}